{"id":1065,"date":"2023-11-24T11:30:14","date_gmt":"2023-11-24T10:30:14","guid":{"rendered":"https:\/\/fucaaacometidas.com\/?page_id=1065"},"modified":"2023-12-13T04:11:55","modified_gmt":"2023-12-13T03:11:55","slug":"aviso-legal","status":"publish","type":"page","link":"https:\/\/fucaaacometidas.com\/en\/aviso-legal\/","title":{"rendered":"Aviso Legal"},"content":{"rendered":"<p>El presente <strong>AVISO LEGAL<\/strong> regula los derechos y obligaciones del fucaaacometidas.com y de los usuarios, en relaci\u00f3n al acceso, navegaci\u00f3n y utilizaci\u00f3n de la presente web sin perjuicio de que fucaaacometidas.com se reserve el derecho a modificar, sin previo aviso, su contenido, siendo vigentes las que se encuentren publicadas en el momento de navegaci\u00f3n.<\/p>\n<p>Mediante la navegaci\u00f3n, visualizaci\u00f3n y uso de esta web adquieres la condici\u00f3n de usuario, y por tanto implica por tu parte la aceptaci\u00f3n expresa de todas las cl\u00e1usulas que indicamos en el presente Aviso Legal, as\u00ed como el resto de advertencias o cl\u00e1usulas espec\u00edficas que se establezcan en las diferentes secciones para la contrataci\u00f3n, uso de servicios, productos, inscripciones, o secciones de la P\u00e1gina.<\/p>\n<p>Por lo que en caso de no aceptar las cl\u00e1usulas establecidas en el presente Aviso Legal, deber\u00e1s abstenerte de acceder y\/o utilizar los servicios y\/o contenidos puestos a tu disposici\u00f3n en la P\u00e1gina, procediendo a abandonar la misma.<\/p>\n<p>fucaaacometidas.com podr\u00e1 dar por terminado, suspender o interrumpir, en cualquier momento sin necesidad de previo aviso, el acceso a los contenidos de la p\u00e1gina, sin posibilidad por parte del Usuario de exigir indemnizaci\u00f3n alguna. No obstante, en el caso de cierre de la plataforma, se tratar\u00e1 de devolver todo pago que se haya realizado por suscripciones anuales no completadas.<\/p>\n<p><strong>Informaci\u00f3n personal y fiscal del responsable del sitio web<\/strong><br \/>\nIdentidad del Responsable: FUCAA ACOMETIDAS S.L<br \/>\nNombre comercial: FUCAA ACOMETIDAS S.L<br \/>\nNIF\/CIF: B81442196<br \/>\nCorreo electr\u00f3nico: <a href=\"mailto:info@fucaaacometidas.com\">info@fucaaacometidas.com<\/a><br \/>\nTel\u00e9fono: 915178900<br \/>\nForma de ingresos<br \/>\nLa web de **fucaaacometidas.com **es una p\u00e1gina corporativa que no genera de ingresos de forma online.<\/p>\n<p><strong>Caracter\u00edsticas de Bienes y Servicios<\/strong><br \/>\n<strong>-Reformas Integrales<br \/>\n-Fontaner\u00eda<br \/>\n-Electricidad<br \/>\n-Carpinter\u00eda<br \/>\n-Alba\u00f1iler\u00eda<br \/>\n-Cerrajer\u00eda<br \/>\n-Cristaler\u00eda<br \/>\n-Pocer\u00eda<br \/>\n-Inspecciones de red de saneamiento con CCTV<br \/>\n-Limpieza de alcantarillado<br \/>\n-Mantenimiento de red de saneamiento<br \/>\n-Obras de pocer\u00eda<br \/>\n-Desatrancos<\/strong><\/p>\n<p><strong>T\u00e9rminos de uso<\/strong><br \/>\nSi navega por esta web acepta t\u00e1citamente los t\u00e9rminos de uso y los t\u00e9rminos de privacidad, as\u00ed como declara haber le\u00eddo el aviso legal.<br \/>\nNi esta web ni sus representantes legales se hacen responsables ni del contenido ni de la veracidad de las pol\u00edticas de privacidad que puedan tener servicios terceros ajenos a esta web.<br \/>\nQueda expresamente prohibida la copia o transcripci\u00f3n completa o parcial de cualquier texto de esta web para cualquier uso. Los textos de esta web est\u00e1n hechos s\u00f3lo para ser le\u00eddos, abst\u00e9nganse de usarlos para cualquier otro fin.<br \/>\nQueda expresamente prohibida la copia o descarga de las im\u00e1genes de esta web.<br \/>\nNo est\u00e1 permitido el hotlinking de las im\u00e1genes de esta web.<br \/>\nS\u00ed est\u00e1 permitido copiar y utilizar las estructuras HTML y estilos CSS utilizados en esta web, siempre que sea de forma parcial y nunca la totalidad del formato generando una web id\u00e9ntica a esta misma.<br \/>\nEn el caso de inclumplimiento de estas condiciones, nos podemos ver obligados a tomar las medidas legales oportunas.<\/p>","protected":false},"excerpt":{"rendered":"<p>El presente AVISO LEGAL regula los derechos y obligaciones del fucaaacometidas.com y de los usuarios, en relaci\u00f3n al acceso, navegaci\u00f3n y utilizaci\u00f3n de la presente web sin perjuicio de que [&hellip;]<\/p>","protected":false},"author":1,"featured_media":0,"parent":0,"menu_order":0,"comment_status":"closed","ping_status":"closed","template":"","meta":{"site-sidebar-layout":"default","site-content-layout":"","ast-site-content-layout":"default","site-content-style":"default","site-sidebar-style":"default","ast-global-header-display":"","ast-banner-title-visibility":"","ast-main-header-display":"","ast-hfb-above-header-display":"","ast-hfb-below-header-display":"","ast-hfb-mobile-header-display":"","site-post-title":"","ast-breadcrumbs-content":"","ast-featured-img":"","footer-sml-layout":"","theme-transparent-header-meta":"default","adv-header-id-meta":"","stick-header-meta":"default","header-above-stick-meta":"","header-main-stick-meta":"","header-below-stick-meta":"","astra-migrate-meta-layouts":"set","ast-page-background-enabled":"default","ast-page-background-meta":{"desktop":{"background-color":"var(--ast-global-color-4)","background-image":"","background-repeat":"repeat","background-position":"center center","background-size":"auto","background-attachment":"scroll","background-type":"","background-media":"","overlay-type":"","overlay-color":"","overlay-opacity":"","overlay-gradient":""},"tablet":{"background-color":"","background-image":"","background-repeat":"repeat","background-position":"center center","background-size":"auto","background-attachment":"scroll","background-type":"","background-media":"","overlay-type":"","overlay-color":"","overlay-opacity":"","overlay-gradient":""},"mobile":{"background-color":"","background-image":"","background-repeat":"repeat","background-position":"center center","background-size":"auto","background-attachment":"scroll","background-type":"","background-media":"","overlay-type":"","overlay-color":"","overlay-opacity":"","overlay-gradient":""}},"ast-content-background-meta":{"desktop":{"background-color":"var(--ast-global-color-5)","background-image":"","background-repeat":"repeat","background-position":"center center","background-size":"auto","background-attachment":"scroll","background-type":"","background-media":"","overlay-type":"","overlay-color":"","overlay-opacity":"","overlay-gradient":""},"tablet":{"background-color":"var(--ast-global-color-5)","background-image":"","background-repeat":"repeat","background-position":"center center","background-size":"auto","background-attachment":"scroll","background-type":"","background-media":"","overlay-type":"","overlay-color":"","overlay-opacity":"","overlay-gradient":""},"mobile":{"background-color":"var(--ast-global-color-5)","background-image":"","background-repeat":"repeat","background-position":"center center","background-size":"auto","background-attachment":"scroll","background-type":"","background-media":"","overlay-type":"","overlay-color":"","overlay-opacity":"","overlay-gradient":""}},"footnotes":""},"class_list":["post-1065","page","type-page","status-publish","hentry"],"_links":{"self":[{"href":"https:\/\/fucaaacometidas.com\/en\/wp-json\/wp\/v2\/pages\/1065","targetHints":{"allow":["GET"]}}],"collection":[{"href":"https:\/\/fucaaacometidas.com\/en\/wp-json\/wp\/v2\/pages"}],"about":[{"href":"https:\/\/fucaaacometidas.com\/en\/wp-json\/wp\/v2\/types\/page"}],"author":[{"embeddable":true,"href":"https:\/\/fucaaacometidas.com\/en\/wp-json\/wp\/v2\/users\/1"}],"replies":[{"embeddable":true,"href":"https:\/\/fucaaacometidas.com\/en\/wp-json\/wp\/v2\/comments?post=1065"}],"version-history":[{"count":0,"href":"https:\/\/fucaaacometidas.com\/en\/wp-json\/wp\/v2\/pages\/1065\/revisions"}],"wp:attachment":[{"href":"https:\/\/fucaaacometidas.com\/en\/wp-json\/wp\/v2\/media?parent=1065"}],"curies":[{"name":"wp","href":"https:\/\/api.w.org\/{rel}","templated":true}]}}